{"id":424,"date":"2026-03-13T15:00:30","date_gmt":"2026-03-13T15:00:30","guid":{"rendered":"https:\/\/cymes-bar.pl\/?page_id=424"},"modified":"2026-03-13T15:00:53","modified_gmt":"2026-03-13T15:00:53","slug":"menu","status":"publish","type":"page","link":"https:\/\/cymes-bar.pl\/?page_id=424","title":{"rendered":"Menu"},"content":{"rendered":"\t\t<div data-elementor-type=\"wp-page\" data-elementor-id=\"424\" class=\"elementor elementor-424\" data-elementor-post-type=\"page\">\n\t\t\t\t<div class=\"elementor-element elementor-element-71edf33 menu e-flex e-con-boxed e-con e-parent\" data-id=\"71edf33\" data-element_type=\"container\" data-e-type=\"container\" data-settings=\"{&quot;background_background&quot;:&quot;classic&quot;}\">\n\t\t\t\t\t<div class=\"e-con-inner\">\n\t\t\t\t<div class=\"elementor-element elementor-element-1073573 elementor-widget elementor-widget-heading\" data-id=\"1073573\" data-element_type=\"widget\" data-e-type=\"widget\" data-widget_type=\"heading.default\">\n\t\t\t\t<div class=\"elementor-widget-container\">\n\t\t\t\t\t<h2 class=\"elementor-heading-title elementor-size-default\">Menu<\/h2>\t\t\t\t<\/div>\n\t\t\t\t<\/div>\n\t\t\t\t<div class=\"elementor-element elementor-element-ad4b002 elementor-widget-divider--view-line elementor-widget elementor-widget-divider\" data-id=\"ad4b002\" data-element_type=\"widget\" data-e-type=\"widget\" data-widget_type=\"divider.default\">\n\t\t\t\t<div class=\"elementor-widget-container\">\n\t\t\t\t\t\t\t<div class=\"elementor-divider\">\n\t\t\t<span class=\"elementor-divider-separator\">\n\t\t\t\t\t\t<\/span>\n\t\t<\/div>\n\t\t\t\t\t\t<\/div>\n\t\t\t\t<\/div>\n\t\t\t\t<div class=\"elementor-element elementor-element-9bb58a0 elementor-widget elementor-widget-html\" data-id=\"9bb58a0\" data-element_type=\"widget\" data-e-type=\"widget\" data-widget_type=\"html.default\">\n\t\t\t\t<div class=\"elementor-widget-container\">\n\t\t\t\t\t<div class=\"cymes-menu\">\r\n\r\n  <div class=\"cymes-menu__header\">\r\n    <div class=\"cymes-menu__brand\">Bar Cymes<\/div>\r\n    <div class=\"cymes-menu__title\">Menu<\/div>\r\n  <\/div>\r\n\r\n  <div class=\"cymes-menu__grid\">\r\n\r\n    <!-- ZUPY -->\r\n    <section class=\"cymes-menu__section\">\r\n      <h2 class=\"cymes-menu__h2\">Zupy<\/h2>\r\n\r\n      <div class=\"cymes-menu__item\">\r\n        <div class=\"cymes-menu__name\">serowa<\/div>\r\n        <div class=\"cymes-menu__meta\">15,00 z\u0142 \/ 300 g<\/div>\r\n      <\/div>\r\n\r\n      <div class=\"cymes-menu__item\">\r\n        <div class=\"cymes-menu__name\">strogonow<\/div>\r\n        <div class=\"cymes-menu__meta\">15,00 z\u0142 \/ 300 g<\/div>\r\n      <\/div>\r\n\r\n      <div class=\"cymes-menu__item\">\r\n        <div class=\"cymes-menu__name\">flaki<\/div>\r\n        <div class=\"cymes-menu__meta\">15,00 z\u0142 \/ 300 g<\/div>\r\n      <\/div>\r\n\r\n      <div class=\"cymes-menu__item\">\r\n        <div class=\"cymes-menu__name\">\u017curek<\/div>\r\n        <div class=\"cymes-menu__meta\">14,00 z\u0142 \/ 300 g<\/div>\r\n      <\/div>\r\n\r\n      <div class=\"cymes-menu__item\">\r\n        <div class=\"cymes-menu__name\">zupa dnia<\/div>\r\n        <div class=\"cymes-menu__meta\">10,00 z\u0142 \/ 300 g<\/div>\r\n      <\/div>\r\n    <\/section>\r\n\r\n    <!-- DANIA G\u0141\u00d3WNE -->\r\n    <section class=\"cymes-menu__section\">\r\n      <h2 class=\"cymes-menu__h2\">Dania g\u0142\u00f3wne<\/h2>\r\n\r\n      <div class=\"cymes-menu__item\">\r\n        <div class=\"cymes-menu__name\">zraz wieprzowy <span class=\"cymes-menu__sep\">-<\/span> ziemniaki <span class=\"cymes-menu__sep\">-<\/span> bukiet sur\u00f3wek<\/div>\r\n        <div class=\"cymes-menu__meta\">30,00 z\u0142<\/div>\r\n      <\/div>\r\n\r\n      <div class=\"cymes-menu__item\">\r\n        <div class=\"cymes-menu__name\">zraz wo\u0142owy <span class=\"cymes-menu__sep\">-<\/span> ziemniaki <span class=\"cymes-menu__sep\">-<\/span> bukiet sur\u00f3wek<\/div>\r\n        <div class=\"cymes-menu__meta\">35,00 z\u0142<\/div>\r\n      <\/div>\r\n\r\n      <div class=\"cymes-menu__item\">\r\n        <div class=\"cymes-menu__name\">kark\u00f3wka w sosie w\u0142asnym <span class=\"cymes-menu__sep\">-<\/span> ziemniaki <span class=\"cymes-menu__sep\">-<\/span> bukiet sur\u00f3wek<\/div>\r\n        <div class=\"cymes-menu__meta\">30,00 z\u0142<\/div>\r\n      <\/div>\r\n\r\n      <div class=\"cymes-menu__item\">\r\n        <div class=\"cymes-menu__name\">filet z kurczaka w sosie pieczarkowym <span class=\"cymes-menu__sep\">-<\/span> ziemniaki <span class=\"cymes-menu__sep\">-<\/span> bukiet sur\u00f3wek<\/div>\r\n        <div class=\"cymes-menu__meta\">30,00 z\u0142<\/div>\r\n      <\/div>\r\n\r\n      <div class=\"cymes-menu__item\">\r\n        <div class=\"cymes-menu__name\">kotlet schabowy z jajkiem sadzonym <span class=\"cymes-menu__sep\">-<\/span> ziemniaki <span class=\"cymes-menu__sep\">-<\/span> bukiet sur\u00f3wek<\/div>\r\n        <div class=\"cymes-menu__meta\">32,00 z\u0142<\/div>\r\n      <\/div>\r\n\r\n      <div class=\"cymes-menu__item\">\r\n        <div class=\"cymes-menu__name\">kotlet schabowy <span class=\"cymes-menu__sep\">-<\/span> ziemniaki <span class=\"cymes-menu__sep\">-<\/span> bukiet sur\u00f3wek<\/div>\r\n        <div class=\"cymes-menu__meta\">30,00 z\u0142<\/div>\r\n      <\/div>\r\n\r\n      <div class=\"cymes-menu__item\">\r\n        <div class=\"cymes-menu__name\">placek w\u0119gierski <span class=\"cymes-menu__sep\">-<\/span> bukiet sur\u00f3wek<\/div>\r\n        <div class=\"cymes-menu__meta\">30,00 z\u0142<\/div>\r\n      <\/div>\r\n\r\n      <div class=\"cymes-menu__item\">\r\n        <div class=\"cymes-menu__name\">placek wegetaria\u0144ski <span class=\"cymes-menu__sep\">-<\/span> bukiet sur\u00f3wek<\/div>\r\n        <div class=\"cymes-menu__meta\">30,00 z\u0142<\/div>\r\n      <\/div>\r\n\r\n      <div class=\"cymes-menu__item\">\r\n        <div class=\"cymes-menu__name\">torcik ziemniaczany <span class=\"cymes-menu__sep\">-<\/span> bukiet sur\u00f3wek<\/div>\r\n        <div class=\"cymes-menu__meta\">30,00 z\u0142<\/div>\r\n      <\/div>\r\n\r\n      <div class=\"cymes-menu__note\">do wyboru: ziemniaki opiekane lub frytki<\/div>\r\n    <\/section>\r\n\r\n    <!-- DANIA M\u0104CZNE -->\r\n    <section class=\"cymes-menu__section\">\r\n      <h2 class=\"cymes-menu__h2\">Dania m\u0105czne<\/h2>\r\n\r\n      <div class=\"cymes-menu__item\">\r\n        <div class=\"cymes-menu__name\">kluski szare z boczkiem i twarogiem<\/div>\r\n        <div class=\"cymes-menu__meta\">25,00 z\u0142<\/div>\r\n      <\/div>\r\n\r\n      <div class=\"cymes-menu__item\">\r\n        <div class=\"cymes-menu__name\">placki ziemniaczane (6 szt.)<\/div>\r\n        <div class=\"cymes-menu__meta\">16,00 z\u0142<\/div>\r\n      <\/div>\r\n\r\n      <div class=\"cymes-menu__item\">\r\n        <div class=\"cymes-menu__name\">krokiety z mi\u0119sem (2 szt.)<\/div>\r\n        <div class=\"cymes-menu__meta\">16,00 z\u0142<\/div>\r\n      <\/div>\r\n\r\n      <div class=\"cymes-menu__item\">\r\n        <div class=\"cymes-menu__name\">krokiety z kapust\u0105 i grzybami (2 szt.)<\/div>\r\n        <div class=\"cymes-menu__meta\">16,00 z\u0142<\/div>\r\n      <\/div>\r\n    <\/section>\r\n\r\n    <!-- PIEROGI -->\r\n    <section class=\"cymes-menu__section\">\r\n      <h2 class=\"cymes-menu__h2\">Pierogi<\/h2>\r\n\r\n      <div class=\"cymes-menu__item\">\r\n        <div class=\"cymes-menu__name\">pierogi z szpinakiem<\/div>\r\n        <div class=\"cymes-menu__meta\">16,00 z\u0142<\/div>\r\n      <\/div>\r\n\r\n      <div class=\"cymes-menu__item\">\r\n        <div class=\"cymes-menu__name\">pierogi z mi\u0119sem<\/div>\r\n        <div class=\"cymes-menu__meta\">16,00 z\u0142<\/div>\r\n      <\/div>\r\n\r\n      <div class=\"cymes-menu__item\">\r\n        <div class=\"cymes-menu__name\">pierogi z serem<\/div>\r\n        <div class=\"cymes-menu__meta\">16,00 z\u0142<\/div>\r\n      <\/div>\r\n\r\n      <div class=\"cymes-menu__item\">\r\n        <div class=\"cymes-menu__name\">pierogi z kapust\u0105 i grzybami<\/div>\r\n        <div class=\"cymes-menu__meta\">16,00 z\u0142<\/div>\r\n      <\/div>\r\n\r\n      <div class=\"cymes-menu__item\">\r\n        <div class=\"cymes-menu__name\">pierogi ruskie<\/div>\r\n        <div class=\"cymes-menu__meta\">16,00 z\u0142<\/div>\r\n      <\/div>\r\n\r\n      <div class=\"cymes-menu__note\">podana cena obejmuje 6 szt.<\/div>\r\n    <\/section>\r\n\r\n    <!-- RYBY -->\r\n    <section class=\"cymes-menu__section\">\r\n      <h2 class=\"cymes-menu__h2\">Ryby<\/h2>\r\n\r\n      <div class=\"cymes-menu__item\">\r\n        <div class=\"cymes-menu__name\">\u0142oso\u015b<\/div>\r\n        <div class=\"cymes-menu__meta\">15,00 z\u0142 \/ 100 g<\/div>\r\n      <\/div>\r\n\r\n      <div class=\"cymes-menu__item\">\r\n        <div class=\"cymes-menu__name\">sandacz<\/div>\r\n        <div class=\"cymes-menu__meta\">15,00 z\u0142 \/ 100 g<\/div>\r\n      <\/div>\r\n\r\n      <div class=\"cymes-menu__item\">\r\n        <div class=\"cymes-menu__name\">dorsz<\/div>\r\n        <div class=\"cymes-menu__meta\">12,00 z\u0142 \/ 100 g<\/div>\r\n      <\/div>\r\n\r\n      <div class=\"cymes-menu__note\">podana cena za 100 g<\/div>\r\n    <\/section>\r\n\r\n    <!-- MENU DLA DZIECI -->\r\n    <section class=\"cymes-menu__section\">\r\n      <h2 class=\"cymes-menu__h2\">Menu dla dzieci<\/h2>\r\n\r\n      <div class=\"cymes-menu__item\">\r\n        <div class=\"cymes-menu__name\">nuggets z frytkami i bukiet sur\u00f3wek<\/div>\r\n        <div class=\"cymes-menu__meta\">25,00 z\u0142<\/div>\r\n      <\/div>\r\n\r\n      <div class=\"cymes-menu__item\">\r\n        <div class=\"cymes-menu__name\">pierogi leniwe (200 g)<\/div>\r\n        <div class=\"cymes-menu__meta\">15,00 z\u0142<\/div>\r\n      <\/div>\r\n    <\/section>\r\n\r\n    <!-- DODATKI -->\r\n    <section class=\"cymes-menu__section\">\r\n      <h2 class=\"cymes-menu__h2\">Dodatki<\/h2>\r\n\r\n      <div class=\"cymes-menu__item\">\r\n        <div class=\"cymes-menu__name\">kluski \u015bl\u0105skie<\/div>\r\n        <div class=\"cymes-menu__meta\">12,00 z\u0142<\/div>\r\n      <\/div>\r\n\r\n      <div class=\"cymes-menu__item\">\r\n        <div class=\"cymes-menu__name\">kopytka z szpinakiem<\/div>\r\n        <div class=\"cymes-menu__meta\">9,00 z\u0142<\/div>\r\n      <\/div>\r\n\r\n      <div class=\"cymes-menu__item\">\r\n        <div class=\"cymes-menu__name\">kopytka<\/div>\r\n        <div class=\"cymes-menu__meta\">8,00 z\u0142<\/div>\r\n      <\/div>\r\n\r\n      <div class=\"cymes-menu__item\">\r\n        <div class=\"cymes-menu__name\">ziemniaki opiekane<\/div>\r\n        <div class=\"cymes-menu__meta\">10,00 z\u0142<\/div>\r\n      <\/div>\r\n\r\n      <div class=\"cymes-menu__item\">\r\n        <div class=\"cymes-menu__name\">ziemniaki z wody<\/div>\r\n        <div class=\"cymes-menu__meta\">6,00 z\u0142<\/div>\r\n      <\/div>\r\n\r\n      <div class=\"cymes-menu__item\">\r\n        <div class=\"cymes-menu__name\">frytki<\/div>\r\n        <div class=\"cymes-menu__meta\">10,00 z\u0142<\/div>\r\n      <\/div>\r\n\r\n      <div class=\"cymes-menu__item\">\r\n        <div class=\"cymes-menu__name\">zestaw sur\u00f3wek (150 g)<\/div>\r\n        <div class=\"cymes-menu__meta\">10,00 z\u0142<\/div>\r\n      <\/div>\r\n\r\n      <div class=\"cymes-menu__item\">\r\n        <div class=\"cymes-menu__name\">sur\u00f3wka (100 g)<\/div>\r\n        <div class=\"cymes-menu__meta\">8,00 z\u0142<\/div>\r\n      <\/div>\r\n    <\/section>\r\n\r\n    <!-- ZAPIEKANKI -->\r\n    <section class=\"cymes-menu__section\">\r\n      <h2 class=\"cymes-menu__h2\">Zapiekanki<\/h2>\r\n\r\n      <div class=\"cymes-menu__item\">\r\n        <div class=\"cymes-menu__name\">zapiekanka z gyrosem<\/div>\r\n        <div class=\"cymes-menu__meta\">17,00 z\u0142<\/div>\r\n      <\/div>\r\n\r\n      <div class=\"cymes-menu__item\">\r\n        <div class=\"cymes-menu__name\">zapiekanka z sur\u00f3wk\u0105<\/div>\r\n        <div class=\"cymes-menu__meta\">16,00 z\u0142<\/div>\r\n      <\/div>\r\n\r\n      <div class=\"cymes-menu__item\">\r\n        <div class=\"cymes-menu__name\">zapiekanka classic<\/div>\r\n        <div class=\"cymes-menu__meta\">15,00 z\u0142<\/div>\r\n      <\/div>\r\n    <\/section>\r\n\r\n    <!-- DESER -->\r\n    <section class=\"cymes-menu__section\">\r\n      <h2 class=\"cymes-menu__h2\">Deser<\/h2>\r\n\r\n      <div class=\"cymes-menu__item\">\r\n        <div class=\"cymes-menu__name\">nale\u015bniki z bia\u0142ym serem (2 szt.)<\/div>\r\n        <div class=\"cymes-menu__meta\">16,00 z\u0142<\/div>\r\n      <\/div>\r\n\r\n      <div class=\"cymes-menu__item\">\r\n        <div class=\"cymes-menu__name\">nale\u015bniki z bia\u0142ym serem, owocami i bit\u0105 \u015bmietan\u0105 (2 szt.)<\/div>\r\n        <div class=\"cymes-menu__meta\">20,00 z\u0142<\/div>\r\n      <\/div>\r\n\r\n      <div class=\"cymes-menu__item\">\r\n        <div class=\"cymes-menu__name\">ciasto (150 g) <span class=\"cymes-menu__muted\">- prosz\u0119 dopyta\u0107 obs\u0142ug\u0119<\/span><\/div>\r\n        <div class=\"cymes-menu__meta\">8,00 z\u0142<\/div>\r\n      <\/div>\r\n    <\/section>\r\n\r\n  <\/div>\r\n\r\n  <div class=\"cymes-menu__footnote\">\r\n    w przypadku zam\u00f3wie\u0144 na wynos nale\u017cy doliczy\u0107 koszt opakowania\r\n  <\/div>\r\n\r\n<\/div>\t\t\t\t<\/div>\n\t\t\t\t<\/div>\n\t\t\t\t\t<\/div>\n\t\t\t\t<\/div>\n\t\t\t\t<\/div>\n\t\t","protected":false},"excerpt":{"rendered":"<p>Menu Bar Cymes Menu Zupy serowa 15,00 z\u0142 \/ 300 g strogonow 15,00 z\u0142 \/ 300 g flaki 15,00 z\u0142 \/ 300 g \u017curek 14,00 z\u0142 \/ 300 g zupa dnia 10,00 z\u0142 \/ 300 g Dania g\u0142\u00f3wne zraz wieprzowy &#8211; ziemniaki &#8211; bukiet sur\u00f3wek 30,00 z\u0142 zraz wo\u0142owy &#8211; ziemniaki &#8211; bukiet sur\u00f3wek 35,00 [&hellip;]<\/p>\n","protected":false},"author":1,"featured_media":0,"parent":0,"menu_order":0,"comment_status":"closed","ping_status":"closed","template":"","meta":{"footnotes":""},"class_list":["post-424","page","type-page","status-publish","hentry"],"_links":{"self":[{"href":"https:\/\/cymes-bar.pl\/index.php?rest_route=\/wp\/v2\/pages\/424","targetHints":{"allow":["GET"]}}],"collection":[{"href":"https:\/\/cymes-bar.pl\/index.php?rest_route=\/wp\/v2\/pages"}],"about":[{"href":"https:\/\/cymes-bar.pl\/index.php?rest_route=\/wp\/v2\/types\/page"}],"author":[{"embeddable":true,"href":"https:\/\/cymes-bar.pl\/index.php?rest_route=\/wp\/v2\/users\/1"}],"replies":[{"embeddable":true,"href":"https:\/\/cymes-bar.pl\/index.php?rest_route=%2Fwp%2Fv2%2Fcomments&post=424"}],"version-history":[{"count":4,"href":"https:\/\/cymes-bar.pl\/index.php?rest_route=\/wp\/v2\/pages\/424\/revisions"}],"predecessor-version":[{"id":428,"href":"https:\/\/cymes-bar.pl\/index.php?rest_route=\/wp\/v2\/pages\/424\/revisions\/428"}],"wp:attachment":[{"href":"https:\/\/cymes-bar.pl\/index.php?rest_route=%2Fwp%2Fv2%2Fmedia&parent=424"}],"curies":[{"name":"wp","href":"https:\/\/api.w.org\/{rel}","templated":true}]}}